{"id":2,"date":"2016-05-10T03:48:21","date_gmt":"2016-05-10T03:48:21","guid":{"rendered":"http:\/\/shop.zeitfuerwein.com\/?page_id=2"},"modified":"2020-08-24T12:59:59","modified_gmt":"2020-08-24T12:59:59","slug":"sample-page","status":"publish","type":"page","link":"https:\/\/shop.zeitfuerwein.com\/?page_id=2","title":{"rendered":"Ansprechpartner"},"content":{"rendered":"<p>Liebe Weinfreunde!<\/p>\n<p>Karen K\u00f6hler Zeitf\u00fcrwein wurde 2016 ins Leben gerufen, um meine Leidenschaft und langj\u00e4hrige Erfahrung und Wissen \u00fcber Wein\u00a0mit Ihnen zu teilen.<\/p>\n<p>Zusammen\u00a0mit meiner Partnerin\u00a0Heike Schalk\u00a0gelingt es alle Seminare, Buchungen und technischen\u00a0Dinge\u00a0zu planen\u00a0und zu gestalten ohne dass Sie etwas davon merken. Ihre Erfahrung, Enthusiasmus und Neugier f\u00fcr\u00a0Wein und Management\u00a0macht Sie\u00a0zur\u00a0perfekten Erg\u00e4nzung f\u00fcr ZEITF\u00dcRWEIN.<\/p>\n<p>Ihre Ansprechpartner f\u00fcr alles rund um ZEIT\u00dcRWEIN:<\/p>\n<p>Karen K\u00f6hler\u00a0\u00a0\u00a0\u00a0\u00a0\u00a0\u00a0\u00a0\u00a0\u00a0\u00a0\u00a0\u00a0\u00a0\u00a0\u00a0\u00a0\u00a0\u00a0\u00a0\u00a0\u00a0\u00a0\u00a0\u00a0\u00a0\u00a0\u00a0\u00a0\u00a0\u00a0\u00a0\u00a0\u00a0\u00a0\u00a0\u00a0\u00a0\u00a0\u00a0\u00a0\u00a0\u00a0\u00a0\u00a0\u00a0\u00a0\u00a0\u00a0\u00a0\u00a0\u00a0\u00a0\u00a0\u00a0\u00a0\u00a0\u00a0\u00a0\u00a0\u00a0\u00a0\u00a0\u00a0\u00a0\u00a0\u00a0\u00a0\u00a0\u00a0\u00a0\u00a0\u00a0\u00a0\u00a0\u00a0\u00a0\u00a0\u00a0 Dipl.Kffr. Heike A. Schalk<\/p>\n<p>Parkstrasse 3\u00a0\u00a0\u00a0\u00a0\u00a0\u00a0\u00a0\u00a0\u00a0\u00a0\u00a0\u00a0\u00a0\u00a0\u00a0\u00a0\u00a0\u00a0\u00a0\u00a0\u00a0\u00a0\u00a0\u00a0\u00a0\u00a0\u00a0\u00a0\u00a0\u00a0\u00a0\u00a0\u00a0\u00a0\u00a0\u00a0\u00a0\u00a0\u00a0\u00a0\u00a0\u00a0\u00a0\u00a0\u00a0\u00a0\u00a0\u00a0\u00a0\u00a0\u00a0\u00a0\u00a0\u00a0\u00a0\u00a0\u00a0\u00a0\u00a0\u00a0\u00a0\u00a0\u00a0\u00a0\u00a0\u00a0\u00a0\u00a0\u00a0\u00a0\u00a0\u00a0\u00a0\u00a0 \u00a0\u00a0\u00a0 Obere Strasse 62<\/p>\n<p>89073 Ulm\u00a0\u00a0\u00a0\u00a0\u00a0\u00a0\u00a0\u00a0\u00a0\u00a0\u00a0\u00a0\u00a0\u00a0\u00a0\u00a0\u00a0\u00a0\u00a0\u00a0\u00a0\u00a0\u00a0\u00a0\u00a0\u00a0\u00a0\u00a0\u00a0\u00a0\u00a0\u00a0\u00a0\u00a0\u00a0\u00a0\u00a0\u00a0\u00a0\u00a0\u00a0\u00a0\u00a0\u00a0\u00a0\u00a0\u00a0\u00a0 \u00a0 \u00a0 \u00a0 \u00a0 \u00a0 \u00a0 \u00a0 \u00a0 \u00a0 \u00a0 \u00a0 \u00a0 \u00a0\u00a0\u00a0\u00a0\u00a0\u00a0\u00a0\u00a0\u00a0\u00a0\u00a0 87700 Memmingen<\/p>\n<p>Weinexpertin\u00a0\u00a0 \u00a0 \u00a0 \u00a0 \u00a0 \u00a0 \u00a0 \u00a0 \u00a0 \u00a0 \u00a0 \u00a0 \u00a0\u00a0 \u00a0\u00a0\u00a0\u00a0\u00a0\u00a0\u00a0\u00a0\u00a0\u00a0\u00a0\u00a0\u00a0\u00a0\u00a0\u00a0\u00a0\u00a0\u00a0\u00a0\u00a0\u00a0\u00a0\u00a0\u00a0\u00a0\u00a0\u00a0\u00a0\u00a0\u00a0\u00a0\u00a0\u00a0\u00a0\u00a0\u00a0\u00a0\u00a0\u00a0\u00a0\u00a0\u00a0\u00a0 Assistenz Zeitf\u00fcrwein<\/p>\n<p>Karen.K\u00f6hler@zeitfuerwein.com\u00a0\u00a0\u00a0\u00a0\u00a0\u00a0\u00a0\u00a0\u00a0\u00a0\u00a0\u00a0\u00a0\u00a0\u00a0\u00a0\u00a0\u00a0\u00a0\u00a0\u00a0\u00a0\u00a0\u00a0\u00a0\u00a0\u00a0\u00a0\u00a0\u00a0\u00a0\u00a0\u00a0\u00a0\u00a0\u00a0\u00a0\u00a0\u00a0 info@zeitfuerwein.com<\/p>\n<div data-test='contact-form' id='contact-form-2' class='wp-block-jetpack-contact-form-container '>\n<form action='https:\/\/shop.zeitfuerwein.com\/?page_id=2#contact-form-2' method='post' class='contact-form commentsblock' aria-label=\"Ansprechpartner\" novalidate>\n\n<div style=\"\" class='grunion-field-name-wrap grunion-field-wrap'  >\n<label\n\t\t\t\tfor='g2-name'\n\t\t\t\tclass='grunion-field-label name'>Name<span class=\"grunion-label-required\" aria-hidden=\"true\">(erforderlich)<\/span><\/label>\n<input\n\t\t\t\t\ttype='text'\n\t\t\t\t\tname='g2-name'\n\t\t\t\t\tid='g2-name'\n\t\t\t\t\tvalue=''\n\t\t\t\t\tclass='name  grunion-field' \n\t\t\t\t\trequired aria-required='true' \/>\n\t<\/div>\n\n<div style=\"\" class='grunion-field-email-wrap grunion-field-wrap'  >\n<label\n\t\t\t\tfor='g2-email'\n\t\t\t\tclass='grunion-field-label email'>E-Mail <span class=\"grunion-label-required\" aria-hidden=\"true\">(erforderlich)<\/span><\/label>\n<input\n\t\t\t\t\ttype='email'\n\t\t\t\t\tname='g2-email'\n\t\t\t\t\tid='g2-email'\n\t\t\t\t\tvalue=''\n\t\t\t\t\tclass='email  grunion-field' \n\t\t\t\t\trequired aria-required='true' \/>\n\t<\/div>\n\n<div style=\"\" class='grunion-field-url-wrap grunion-field-wrap'  >\n<label\n\t\t\t\tfor='g2-website'\n\t\t\t\tclass='grunion-field-label url'>Website<\/label>\n<input\n\t\t\t\t\ttype='text'\n\t\t\t\t\tname='g2-website'\n\t\t\t\t\tid='g2-website'\n\t\t\t\t\tvalue=''\n\t\t\t\t\tclass='url  grunion-field' \n\t\t\t\t\ttitle=\"Bitte gib eine g\u00fcltige URL ein\u00a0\u2013 https:\/\/www.example.com\" oninvalid=\"setCustomValidity(&quot;Bitte gib eine g\u00fcltige URL ein\u00a0\u2013 https:\/\/www.example.com&quot;)\" oninput=\"setCustomValidity(&quot;&quot;)\" pattern=\"(([:\\\/a-zA-Z0-9_\\-]+)?(\\.[a-zA-Z0-9_\\-\\\/]+)+)\" data-type-override=\"url\"  \/>\n\t<\/div>\n\n<div style=\"\" class='grunion-field-textarea-wrap grunion-field-wrap'  >\n<label\n\t\t\t\tfor='contact-form-comment-g2-nachricht'\n\t\t\t\tclass='grunion-field-label textarea'>Nachricht<\/label>\n<textarea\n\t\t                style=''\n\t\t                name='g2-nachricht'\n\t\t                id='contact-form-comment-g2-nachricht'\n\t\t                rows='20' class='textarea  grunion-field'  ><\/textarea>\n\t<\/div>\n\t<p class='contact-submit'>\n\t\t<button type='submit' class='pushbutton-wide'>Senden<\/button>\t\t<input type='hidden' name='contact-form-id' value='2' \/>\n\t\t<input type='hidden' name='action' value='grunion-contact-form' \/>\n\t\t<input type='hidden' name='contact-form-hash' value='335bb849cdbcbb193ecf25c9bd24c9684932206c' \/>\n\t<\/p>\n<\/form>\n<\/div>\n","protected":false},"excerpt":{"rendered":"<p>Liebe Weinfreunde! Karen K\u00f6hler Zeitf\u00fcrwein wurde 2016 ins Leben gerufen, um meine Leidenschaft und langj\u00e4hrige Erfahrung und Wissen \u00fcber Wein\u00a0mit Ihnen zu teilen. Zusammen\u00a0mit meiner Partnerin\u00a0Heike Schalk\u00a0gelingt es alle Seminare, Buchungen und technischen\u00a0Dinge\u00a0zu planen\u00a0und zu gestalten ohne dass Sie etwas davon merken. Ihre Erfahrung, Enthusiasmus und Neugier f\u00fcr\u00a0Wein und Management\u00a0macht Sie\u00a0zur\u00a0perfekten Erg\u00e4nzung f\u00fcr ZEITF\u00dcRWEIN. Ihre [&hellip;]<\/p>\n","protected":false},"author":1,"featured_media":289,"parent":0,"menu_order":3,"comment_status":"closed","ping_status":"closed","template":"","meta":{"jetpack_post_was_ever_published":false,"footnotes":""},"jetpack_sharing_enabled":true,"jetpack_shortlink":"https:\/\/wp.me\/P9t7hz-2","_links":{"self":[{"href":"https:\/\/shop.zeitfuerwein.com\/index.php?rest_route=\/wp\/v2\/pages\/2"}],"collection":[{"href":"https:\/\/shop.zeitfuerwein.com\/index.php?rest_route=\/wp\/v2\/pages"}],"about":[{"href":"https:\/\/shop.zeitfuerwein.com\/index.php?rest_route=\/wp\/v2\/types\/page"}],"author":[{"embeddable":true,"href":"https:\/\/shop.zeitfuerwein.com\/index.php?rest_route=\/wp\/v2\/users\/1"}],"replies":[{"embeddable":true,"href":"https:\/\/shop.zeitfuerwein.com\/index.php?rest_route=%2Fwp%2Fv2%2Fcomments&post=2"}],"version-history":[{"count":19,"href":"https:\/\/shop.zeitfuerwein.com\/index.php?rest_route=\/wp\/v2\/pages\/2\/revisions"}],"predecessor-version":[{"id":554,"href":"https:\/\/shop.zeitfuerwein.com\/index.php?rest_route=\/wp\/v2\/pages\/2\/revisions\/554"}],"wp:featuredmedia":[{"embeddable":true,"href":"https:\/\/shop.zeitfuerwein.com\/index.php?rest_route=\/wp\/v2\/media\/289"}],"wp:attachment":[{"href":"https:\/\/shop.zeitfuerwein.com\/index.php?rest_route=%2Fwp%2Fv2%2Fmedia&parent=2"}],"curies":[{"name":"wp","href":"https:\/\/api.w.org\/{rel}","templated":true}]}}